{"id":2246,"date":"2025-05-09T16:27:10","date_gmt":"2025-05-09T16:27:10","guid":{"rendered":"https:\/\/mensroundup.com\/?page_id=2246"},"modified":"2025-05-14T18:09:18","modified_gmt":"2025-05-14T18:09:18","slug":"tiendas-y-autocaravanas","status":"publish","type":"page","link":"https:\/\/mensroundup.com\/es\/tiendas-y-autocaravanas\/","title":{"rendered":"Tiendas y Casas Rodantes"},"content":{"rendered":"<div data-elementor-type=\"wp-page\" data-elementor-id=\"2246\" class=\"elementor elementor-2246\" data-elementor-post-type=\"page\">\n\t\t\t\t\t\t<section class=\"elementor-section elementor-top-section elementor-element elementor-element-1dd994f elementor-section-boxed elementor-section-height-default elementor-section-height-default\" data-id=\"1dd994f\" data-element_type=\"section\" data-e-type=\"section\" data-settings=\"{&quot;background_background&quot;:&quot;slideshow&quot;,&quot;background_slideshow_ken_burns&quot;:&quot;yes&quot;,&quot;background_slideshow_gallery&quot;:[],&quot;background_slideshow_loop&quot;:&quot;yes&quot;,&quot;background_slideshow_slide_duration&quot;:5000,&quot;background_slideshow_slide_transition&quot;:&quot;fade&quot;,&quot;background_slideshow_transition_duration&quot;:500,&quot;background_slideshow_ken_burns_zoom_direction&quot;:&quot;in&quot;}\">\n\t\t\t\t\t\t<div class=\"elementor-container elementor-column-gap-default\">\n\t\t\t\t\t<div class=\"elementor-column elementor-col-100 elementor-top-column elementor-element elementor-element-30b10b0\" data-id=\"30b10b0\" data-element_type=\"column\" data-e-type=\"column\">\n\t\t\t<div class=\"elementor-widget-wrap elementor-element-populated\">\n\t\t\t\t\t\t<div class=\"elementor-element elementor-element-3e23e98 elementor-cta--skin-cover elementor-animated-content elementor-bg-transform elementor-bg-transform-zoom-in elementor-widget elementor-widget-call-to-action\" data-id=\"3e23e98\" data-element_type=\"widget\" data-e-type=\"widget\" data-widget_type=\"call-to-action.default\">\n\t\t\t\t<div class=\"elementor-widget-container\">\n\t\t\t\t\t\t\t<div class=\"elementor-cta\">\n\t\t\t\t\t<div class=\"elementor-cta__bg-wrapper\">\n\t\t\t\t<div class=\"elementor-cta__bg elementor-bg\" style=\"background-image: url(https:\/\/i0.wp.com\/mensroundup.com\/wp-content\/uploads\/2021\/03\/hang-out.jpg?fit=2048%2C1365&#038;ssl=1);\" role=\"img\" aria-label=\"the meadow is home to lots of camping and discussion\"><\/div>\n\t\t\t\t<div class=\"elementor-cta__bg-overlay\"><\/div>\n\t\t\t<\/div>\n\t\t\t\t\t\t\t<div class=\"elementor-cta__content\">\n\t\t\t\t\n\t\t\t\t\n\t\t\t\t\t\t\t\t\t<div class=\"elementor-cta__description elementor-cta__content-item elementor-content-item elementor-animated-item--grow\">\n\t\t\t\t\t\t  \t\t\t\t\t<\/div>\n\t\t\t\t\n\t\t\t\t\t\t\t<\/div>\n\t\t\t\t\t\t<\/div>\n\t\t\t\t\t\t<\/div>\n\t\t\t\t<\/div>\n\t\t\t\t<div class=\"elementor-element elementor-element-f76cdce elementor-widget elementor-widget-heading\" data-id=\"f76cdce\" data-element_type=\"widget\" data-e-type=\"widget\" data-widget_type=\"heading.default\">\n\t\t\t\t<div class=\"elementor-widget-container\">\n\t\t\t\t\t<h2 class=\"elementor-heading-title elementor-size-default\">Encontrar un espacio para acampar<\/h2>\t\t\t\t<\/div>\n\t\t\t\t<\/div>\n\t\t\t\t<div class=\"elementor-element elementor-element-d9ee00c elementor-widget elementor-widget-text-editor\" data-id=\"d9ee00c\" data-element_type=\"widget\" data-e-type=\"widget\" data-widget_type=\"text-editor.default\">\n\t\t\t\t<div class=\"elementor-widget-container\">\n\t\t\t\t\t\t\t\t\t<p class=\"\" data-start=\"0\" data-end=\"724\">Los espacios para tiendas de campa\u00f1a y casas rodantes (RV) se asignan por orden de llegada. Eres bienvenido a llegar a Roundup un d\u00eda antes, el jueves, para reservar un \u00e1rea para tu grupo (<b>costo adicional de $5 por persona por llegada anticipada hasta las 8:00 p.m. y $5 por cada espacio desocupado reservado con equipo<\/b>). Se permitir\u00e1 la entrada al campamento a los hombres a partir del mediod\u00eda. Cuanto m\u00e1s temprano llegues, m\u00e1s f\u00e1cil ser\u00e1 encontrar un espacio para acampar y establecer tu campamento. Ten en cuenta que no se proporcionar\u00e1 comida ni caba\u00f1as para quienes lleguen temprano. Aseg\u00farate de traer tu propia comida para cualquier comida antes del inicio oficial del evento.<\/p><p class=\"\" data-start=\"726\" data-end=\"970\">Habr\u00e1 voluntarios en la carpa de registro que pueden dirigirte a posibles espacios de campamento si as\u00ed lo deseas. \u00a1Por favor considera compartir veh\u00edculo (carpooling) para asegurar que haya suficientes buenos espacios de campamento para todos!<\/p>\t\t\t\t\t\t\t\t<\/div>\n\t\t\t\t<\/div>\n\t\t\t\t<div class=\"elementor-element elementor-element-a2a4b4e elementor-widget elementor-widget-heading\" data-id=\"a2a4b4e\" data-element_type=\"widget\" data-e-type=\"widget\" data-widget_type=\"heading.default\">\n\t\t\t\t<div class=\"elementor-widget-container\">\n\t\t\t\t\t<h2 class=\"elementor-heading-title elementor-size-default\">Espacios para casas rodantes y tomacorrientes el\u00e9ctricos<\/h2>\t\t\t\t<\/div>\n\t\t\t\t<\/div>\n\t\t\t\t<div class=\"elementor-element elementor-element-1ab3855 elementor-widget elementor-widget-text-editor\" data-id=\"1ab3855\" data-element_type=\"widget\" data-e-type=\"widget\" data-widget_type=\"text-editor.default\">\n\t\t\t\t<div class=\"elementor-widget-container\">\n\t\t\t\t\t\t\t\t\t<p class=\"\" data-start=\"972\" data-end=\"1220\">Hay algunas opciones para quienes traen casa rodante (RV) a Roundup. Para conseguir un espacio, probablemente necesitar\u00e1s llegar el jueves para conseguir tu espacio que comienza al mediod\u00eda.<\/p><ul><li>En las instalaciones de <strong><em data-start=\"1246\" data-end=\"1260\">Meadow Ridge<\/em><\/strong>, cerca del circuito de campamento y el circuito de cuerdas altas, hay 8 espacios para RV con conexi\u00f3n completa (electricidad, agua y alcantarillado) (uno puede estar reservado para el personal).<\/li><li>Pasando el columpio gigante, cerca de la parte baja del circuito de campamento, hay algunos espacios para RV con agua y electricidad compartidas (sin alcantarillado).<\/li><li>En el campo de recreaci\u00f3n, hay algunos postes de energ\u00eda compartida (sin agua ni alcantarillado).<\/li><li>Los RV tambi\u00e9n pueden ubicarse en otros lugares que no est\u00e9n marcados como reservados para otros prop\u00f3sitos, pero no contar\u00e1n con electricidad, agua ni alcantarillado.<\/li><li>En el \u00e1rea de <strong><em data-start=\"1911\" data-end=\"1925\">Meadow Ridge<\/em><\/strong>, hay un punto de descarga de aguas negras cerca del camino de acceso.<\/li><li>Tenemos un \u00e1rea de estacionamiento designada cerca de la carpa de registro. Para quienes se hospeden en caba\u00f1as o acampen en el Foro o en campos cercanos, por favor mueve tu auto al \u00e1rea de estacionamiento designada despu\u00e9s de descargar y montar tu campamento.<\/li><\/ul>\t\t\t\t\t\t\t\t<\/div>\n\t\t\t\t<\/div>\n\t\t\t\t\t<\/div>\n\t\t<\/div>\n\t\t\t\t\t<\/div>\n\t\t<\/section>\n\t\t\t\t<\/div>","protected":false},"excerpt":{"rendered":"<p>Encontrar un espacio para acampar Los espacios para tiendas de campa\u00f1a y casas rodantes (RV) se asignan por orden de llegada. Eres bienvenido a llegar a Roundup un d\u00eda antes, el jueves, para reservar un \u00e1rea para tu grupo (costo adicional de $5 por persona por llegada anticipada hasta las 8:00 p.m. y $5 por [&hellip;]<\/p>\n","protected":false},"author":3,"featured_media":238,"parent":0,"menu_order":0,"comment_status":"closed","ping_status":"closed","template":"","meta":{"nf_dc_page":"","footnotes":""},"class_list":["post-2246","page","type-page","status-publish","has-post-thumbnail","hentry"],"yoast_head":"<!-- This site is optimized with the Yoast SEO plugin v27.4 - https:\/\/yoast.com\/product\/yoast-seo-wordpress\/ -->\n<title>Tiendas y Casas Rodantes - Mens Roundup<\/title>\n<meta name=\"robots\" content=\"index, follow, max-snippet:-1, max-image-preview:large, max-video-preview:-1\" \/>\n<link rel=\"canonical\" href=\"https:\/\/mensroundup.com\/es\/tiendas-y-autocaravanas\/\" \/>\n<meta property=\"og:locale\" content=\"es_MX\" \/>\n<meta property=\"og:type\" content=\"article\" \/>\n<meta property=\"og:title\" content=\"Tiendas y Casas Rodantes - Mens Roundup\" \/>\n<meta property=\"og:description\" content=\"Encontrar un espacio para acampar Los espacios para tiendas de campa\u00f1a y casas rodantes (RV) se asignan por orden de llegada. Eres bienvenido a llegar a Roundup un d\u00eda antes, el jueves, para reservar un \u00e1rea para tu grupo (costo adicional de $5 por persona por llegada anticipada hasta las 8:00 p.m. y $5 por [&hellip;]\" \/>\n<meta property=\"og:url\" content=\"https:\/\/mensroundup.com\/es\/tiendas-y-autocaravanas\/\" \/>\n<meta property=\"og:site_name\" content=\"Mens Roundup\" \/>\n<meta property=\"article:publisher\" content=\"https:\/\/www.facebook.com\/MensRoundup\" \/>\n<meta property=\"article:modified_time\" content=\"2025-05-14T18:09:18+00:00\" \/>\n<meta property=\"og:image\" content=\"https:\/\/mensroundup.com\/wp-content\/uploads\/2021\/03\/hang-out.jpg\" \/>\n\t<meta property=\"og:image:width\" content=\"2048\" \/>\n\t<meta property=\"og:image:height\" content=\"1365\" \/>\n\t<meta property=\"og:image:type\" content=\"image\/jpeg\" \/>\n<meta name=\"twitter:card\" content=\"summary_large_image\" \/>\n<meta name=\"twitter:label1\" content=\"Tiempo de lectura\" \/>\n\t<meta name=\"twitter:data1\" content=\"2 minutos\" \/>\n<script type=\"application\/ld+json\" class=\"yoast-schema-graph\">{\"@context\":\"https:\\\/\\\/schema.org\",\"@graph\":[{\"@type\":\"WebPage\",\"@id\":\"https:\\\/\\\/mensroundup.com\\\/tiendas-y-autocaravanas\\\/\",\"url\":\"https:\\\/\\\/mensroundup.com\\\/tiendas-y-autocaravanas\\\/\",\"name\":\"Tiendas y Casas Rodantes - Mens Roundup\",\"isPartOf\":{\"@id\":\"https:\\\/\\\/mensroundup.com\\\/#website\"},\"primaryImageOfPage\":{\"@id\":\"https:\\\/\\\/mensroundup.com\\\/tiendas-y-autocaravanas\\\/#primaryimage\"},\"image\":{\"@id\":\"https:\\\/\\\/mensroundup.com\\\/tiendas-y-autocaravanas\\\/#primaryimage\"},\"thumbnailUrl\":\"https:\\\/\\\/i0.wp.com\\\/mensroundup.com\\\/wp-content\\\/uploads\\\/2021\\\/03\\\/hang-out.jpg?fit=2048%2C1365&ssl=1\",\"datePublished\":\"2025-05-09T16:27:10+00:00\",\"dateModified\":\"2025-05-14T18:09:18+00:00\",\"breadcrumb\":{\"@id\":\"https:\\\/\\\/mensroundup.com\\\/tiendas-y-autocaravanas\\\/#breadcrumb\"},\"inLanguage\":\"es\",\"potentialAction\":[{\"@type\":\"ReadAction\",\"target\":[\"https:\\\/\\\/mensroundup.com\\\/tiendas-y-autocaravanas\\\/\"]}]},{\"@type\":\"ImageObject\",\"inLanguage\":\"es\",\"@id\":\"https:\\\/\\\/mensroundup.com\\\/tiendas-y-autocaravanas\\\/#primaryimage\",\"url\":\"https:\\\/\\\/i0.wp.com\\\/mensroundup.com\\\/wp-content\\\/uploads\\\/2021\\\/03\\\/hang-out.jpg?fit=2048%2C1365&ssl=1\",\"contentUrl\":\"https:\\\/\\\/i0.wp.com\\\/mensroundup.com\\\/wp-content\\\/uploads\\\/2021\\\/03\\\/hang-out.jpg?fit=2048%2C1365&ssl=1\",\"width\":2048,\"height\":1365,\"caption\":\"the meadow is home to lots of camping and discussion\"},{\"@type\":\"BreadcrumbList\",\"@id\":\"https:\\\/\\\/mensroundup.com\\\/tiendas-y-autocaravanas\\\/#breadcrumb\",\"itemListElement\":[{\"@type\":\"ListItem\",\"position\":1,\"name\":\"Home\",\"item\":\"https:\\\/\\\/mensroundup.com\\\/\"},{\"@type\":\"ListItem\",\"position\":2,\"name\":\"Tiendas y Casas Rodantes\"}]},{\"@type\":\"WebSite\",\"@id\":\"https:\\\/\\\/mensroundup.com\\\/#website\",\"url\":\"https:\\\/\\\/mensroundup.com\\\/\",\"name\":\"Mens Roundup\",\"description\":\"Believe Obey Connect and Lead\",\"publisher\":{\"@id\":\"https:\\\/\\\/mensroundup.com\\\/#organization\"},\"potentialAction\":[{\"@type\":\"SearchAction\",\"target\":{\"@type\":\"EntryPoint\",\"urlTemplate\":\"https:\\\/\\\/mensroundup.com\\\/?s={search_term_string}\"},\"query-input\":{\"@type\":\"PropertyValueSpecification\",\"valueRequired\":true,\"valueName\":\"search_term_string\"}}],\"inLanguage\":\"es\"},{\"@type\":\"Organization\",\"@id\":\"https:\\\/\\\/mensroundup.com\\\/#organization\",\"name\":\"Men's Roundup\",\"url\":\"https:\\\/\\\/mensroundup.com\\\/\",\"logo\":{\"@type\":\"ImageObject\",\"inLanguage\":\"es\",\"@id\":\"https:\\\/\\\/mensroundup.com\\\/#\\\/schema\\\/logo\\\/image\\\/\",\"url\":\"https:\\\/\\\/mensroundup.com\\\/wp-content\\\/uploads\\\/2021\\\/03\\\/ru-logo-horizontal.png\",\"contentUrl\":\"https:\\\/\\\/mensroundup.com\\\/wp-content\\\/uploads\\\/2021\\\/03\\\/ru-logo-horizontal.png\",\"width\":1196,\"height\":240,\"caption\":\"Men's Roundup\"},\"image\":{\"@id\":\"https:\\\/\\\/mensroundup.com\\\/#\\\/schema\\\/logo\\\/image\\\/\"},\"sameAs\":[\"https:\\\/\\\/www.facebook.com\\\/MensRoundup\",\"https:\\\/\\\/www.instagram.com\\\/mensroundup\\\/\",\"https:\\\/\\\/www.youtube.com\\\/channel\\\/UCCq59yZOiDhhGor8npGS_zg\\\/videos\"]}]}<\/script>\n<!-- \/ Yoast SEO plugin. -->","yoast_head_json":{"title":"Tiendas y Casas Rodantes - Mens Roundup","robots":{"index":"index","follow":"follow","max-snippet":"max-snippet:-1","max-image-preview":"max-image-preview:large","max-video-preview":"max-video-preview:-1"},"canonical":"https:\/\/mensroundup.com\/es\/tiendas-y-autocaravanas\/","og_locale":"es_MX","og_type":"article","og_title":"Tiendas y Casas Rodantes - Mens Roundup","og_description":"Encontrar un espacio para acampar Los espacios para tiendas de campa\u00f1a y casas rodantes (RV) se asignan por orden de llegada. Eres bienvenido a llegar a Roundup un d\u00eda antes, el jueves, para reservar un \u00e1rea para tu grupo (costo adicional de $5 por persona por llegada anticipada hasta las 8:00 p.m. y $5 por [&hellip;]","og_url":"https:\/\/mensroundup.com\/es\/tiendas-y-autocaravanas\/","og_site_name":"Mens Roundup","article_publisher":"https:\/\/www.facebook.com\/MensRoundup","article_modified_time":"2025-05-14T18:09:18+00:00","og_image":[{"width":2048,"height":1365,"url":"https:\/\/mensroundup.com\/wp-content\/uploads\/2021\/03\/hang-out.jpg","type":"image\/jpeg"}],"twitter_card":"summary_large_image","twitter_misc":{"Tiempo de lectura":"2 minutos"},"schema":{"@context":"https:\/\/schema.org","@graph":[{"@type":"WebPage","@id":"https:\/\/mensroundup.com\/tiendas-y-autocaravanas\/","url":"https:\/\/mensroundup.com\/tiendas-y-autocaravanas\/","name":"Tiendas y Casas Rodantes - Mens Roundup","isPartOf":{"@id":"https:\/\/mensroundup.com\/#website"},"primaryImageOfPage":{"@id":"https:\/\/mensroundup.com\/tiendas-y-autocaravanas\/#primaryimage"},"image":{"@id":"https:\/\/mensroundup.com\/tiendas-y-autocaravanas\/#primaryimage"},"thumbnailUrl":"https:\/\/i0.wp.com\/mensroundup.com\/wp-content\/uploads\/2021\/03\/hang-out.jpg?fit=2048%2C1365&ssl=1","datePublished":"2025-05-09T16:27:10+00:00","dateModified":"2025-05-14T18:09:18+00:00","breadcrumb":{"@id":"https:\/\/mensroundup.com\/tiendas-y-autocaravanas\/#breadcrumb"},"inLanguage":"es","potentialAction":[{"@type":"ReadAction","target":["https:\/\/mensroundup.com\/tiendas-y-autocaravanas\/"]}]},{"@type":"ImageObject","inLanguage":"es","@id":"https:\/\/mensroundup.com\/tiendas-y-autocaravanas\/#primaryimage","url":"https:\/\/i0.wp.com\/mensroundup.com\/wp-content\/uploads\/2021\/03\/hang-out.jpg?fit=2048%2C1365&ssl=1","contentUrl":"https:\/\/i0.wp.com\/mensroundup.com\/wp-content\/uploads\/2021\/03\/hang-out.jpg?fit=2048%2C1365&ssl=1","width":2048,"height":1365,"caption":"the meadow is home to lots of camping and discussion"},{"@type":"BreadcrumbList","@id":"https:\/\/mensroundup.com\/tiendas-y-autocaravanas\/#breadcrumb","itemListElement":[{"@type":"ListItem","position":1,"name":"Home","item":"https:\/\/mensroundup.com\/"},{"@type":"ListItem","position":2,"name":"Tiendas y Casas Rodantes"}]},{"@type":"WebSite","@id":"https:\/\/mensroundup.com\/#website","url":"https:\/\/mensroundup.com\/","name":"Mens Roundup","description":"Believe Obey Connect and Lead","publisher":{"@id":"https:\/\/mensroundup.com\/#organization"},"potentialAction":[{"@type":"SearchAction","target":{"@type":"EntryPoint","urlTemplate":"https:\/\/mensroundup.com\/?s={search_term_string}"},"query-input":{"@type":"PropertyValueSpecification","valueRequired":true,"valueName":"search_term_string"}}],"inLanguage":"es"},{"@type":"Organization","@id":"https:\/\/mensroundup.com\/#organization","name":"Men's Roundup","url":"https:\/\/mensroundup.com\/","logo":{"@type":"ImageObject","inLanguage":"es","@id":"https:\/\/mensroundup.com\/#\/schema\/logo\/image\/","url":"https:\/\/mensroundup.com\/wp-content\/uploads\/2021\/03\/ru-logo-horizontal.png","contentUrl":"https:\/\/mensroundup.com\/wp-content\/uploads\/2021\/03\/ru-logo-horizontal.png","width":1196,"height":240,"caption":"Men's Roundup"},"image":{"@id":"https:\/\/mensroundup.com\/#\/schema\/logo\/image\/"},"sameAs":["https:\/\/www.facebook.com\/MensRoundup","https:\/\/www.instagram.com\/mensroundup\/","https:\/\/www.youtube.com\/channel\/UCCq59yZOiDhhGor8npGS_zg\/videos"]}]}},"jetpack_sharing_enabled":true,"_links":{"self":[{"href":"https:\/\/mensroundup.com\/es\/wp-json\/wp\/v2\/pages\/2246","targetHints":{"allow":["GET"]}}],"collection":[{"href":"https:\/\/mensroundup.com\/es\/wp-json\/wp\/v2\/pages"}],"about":[{"href":"https:\/\/mensroundup.com\/es\/wp-json\/wp\/v2\/types\/page"}],"author":[{"embeddable":true,"href":"https:\/\/mensroundup.com\/es\/wp-json\/wp\/v2\/users\/3"}],"replies":[{"embeddable":true,"href":"https:\/\/mensroundup.com\/es\/wp-json\/wp\/v2\/comments?post=2246"}],"version-history":[{"count":5,"href":"https:\/\/mensroundup.com\/es\/wp-json\/wp\/v2\/pages\/2246\/revisions"}],"predecessor-version":[{"id":2380,"href":"https:\/\/mensroundup.com\/es\/wp-json\/wp\/v2\/pages\/2246\/revisions\/2380"}],"wp:featuredmedia":[{"embeddable":true,"href":"https:\/\/mensroundup.com\/es\/wp-json\/wp\/v2\/media\/238"}],"wp:attachment":[{"href":"https:\/\/mensroundup.com\/es\/wp-json\/wp\/v2\/media?parent=2246"}],"curies":[{"name":"wp","href":"https:\/\/api.w.org\/{rel}","templated":true}]}}