{"id":2295,"date":"2025-05-09T18:24:21","date_gmt":"2025-05-09T18:24:21","guid":{"rendered":"https:\/\/mensroundup.com\/?page_id=2295"},"modified":"2026-03-31T20:45:06","modified_gmt":"2026-03-31T20:45:06","slug":"precios","status":"publish","type":"page","link":"https:\/\/mensroundup.com\/es\/precios\/","title":{"rendered":"Precios"},"content":{"rendered":"<div data-elementor-type=\"wp-page\" data-elementor-id=\"2295\" class=\"elementor elementor-2295\" data-elementor-post-type=\"page\">\n\t\t\t\t\t\t<section class=\"elementor-section elementor-top-section elementor-element elementor-element-3effb46 elementor-section-full_width elementor-section-height-default elementor-section-height-default\" data-id=\"3effb46\" data-element_type=\"section\" data-e-type=\"section\" data-settings=\"{&quot;background_background&quot;:&quot;classic&quot;}\">\n\t\t\t\t\t\t<div class=\"elementor-container elementor-column-gap-default\">\n\t\t\t\t\t<div class=\"elementor-column elementor-col-100 elementor-top-column elementor-element elementor-element-0334c46\" data-id=\"0334c46\" data-element_type=\"column\" data-e-type=\"column\">\n\t\t\t<div class=\"elementor-widget-wrap elementor-element-populated\">\n\t\t\t\t\t\t<div class=\"elementor-element elementor-element-746868c elementor-cta--skin-cover elementor-cta--valign-middle elementor-animated-content elementor-bg-transform elementor-bg-transform-zoom-in elementor-widget elementor-widget-call-to-action\" data-id=\"746868c\" data-element_type=\"widget\" data-e-type=\"widget\" data-widget_type=\"call-to-action.default\">\n\t\t\t\t<div class=\"elementor-widget-container\">\n\t\t\t\t\t\t\t<div class=\"elementor-cta\">\n\t\t\t\t\t<div class=\"elementor-cta__bg-wrapper\">\n\t\t\t\t<div class=\"elementor-cta__bg elementor-bg\" style=\"background-image: url(https:\/\/i0.wp.com\/mensroundup.com\/wp-content\/uploads\/2025\/05\/306544426_10160392975419674_1562135745424661002_n-e1747247204183.jpg?fit=2048%2C1160&#038;ssl=1);\" role=\"img\" aria-label=\"306544426_10160392975419674_1562135745424661002_n\"><\/div>\n\t\t\t\t<div class=\"elementor-cta__bg-overlay\"><\/div>\n\t\t\t<\/div>\n\t\t\t\t\t\t\t<div class=\"elementor-cta__content\">\n\t\t\t\t\n\t\t\t\t\t\t\t\t\t<h2 class=\"elementor-cta__title elementor-cta__content-item elementor-content-item elementor-animated-item--fade-in\">\n\t\t\t\t\t\t \t\t\t\t\t<\/h2>\n\t\t\t\t\n\t\t\t\t\t\t\t\t\t<div class=\"elementor-cta__description elementor-cta__content-item elementor-content-item elementor-animated-item--fade-in\">\n\t\t\t\t\t\t  \t\t\t\t\t<\/div>\n\t\t\t\t\n\t\t\t\t\t\t\t<\/div>\n\t\t\t\t\t\t<\/div>\n\t\t\t\t\t\t<\/div>\n\t\t\t\t<\/div>\n\t\t\t\t<div class=\"elementor-element elementor-element-dea1394 elementor-widget elementor-widget-heading\" data-id=\"dea1394\" data-element_type=\"widget\" data-e-type=\"widget\" data-widget_type=\"heading.default\">\n\t\t\t\t<div class=\"elementor-widget-container\">\n\t\t\t\t\t<h2 class=\"elementor-heading-title elementor-size-default\">IGLESIAS Y PASTORES<\/h2>\t\t\t\t<\/div>\n\t\t\t\t<\/div>\n\t\t\t\t<div class=\"elementor-element elementor-element-d67f347 elementor-widget elementor-widget-text-editor\" data-id=\"d67f347\" data-element_type=\"widget\" data-e-type=\"widget\" data-widget_type=\"text-editor.default\">\n\t\t\t\t<div class=\"elementor-widget-container\">\n\t\t\t\t\t\t\t\t\t<p>Queremos animar a los hombres a asistir junto con otros hombres de sus iglesias, cuando sea posible. El fin de semana de Roundup es una excelente oportunidad para que los pastores se conecten con los hombres de su iglesia y oren juntos. <strong>Los pastores pueden asistir gratis<\/strong> a Men\u2019s Roundup si su iglesia tiene <strong>10 inscripciones pagadas<\/strong> (incluso si su iglesia no reserv\u00f3 una caba\u00f1a o yurt). Llame para obtener un c\u00f3digo especial de inscripci\u00f3n pastoral.<\/p><p data-start=\"537\" data-end=\"738\"><strong data-start=\"537\" data-end=\"560\">Precios de este a\u00f1o<\/strong><\/p><ul><li><span style=\"font-family: -apple-system, BlinkMacSystemFont, 'Segoe UI', Roboto, 'Helvetica Neue', Arial, 'Noto Sans', sans-serif, 'Apple Color Emoji', 'Segoe UI Emoji', 'Segoe UI Symbol', 'Noto Color Emoji';\">Inscripci\u00f3n con todas las comidas hasta el 31 de julio: $170 ($195 a partir del 1 de agosto<\/span><\/li><li><span style=\"font-family: -apple-system, BlinkMacSystemFont, 'Segoe UI', Roboto, 'Helvetica Neue', Arial, 'Noto Sans', sans-serif, 'Apple Color Emoji', 'Segoe UI Emoji', 'Segoe UI Symbol', 'Noto Color Emoji';\">Inscripci\u00f3n sin comidas hasta el 31 de julio: $105 ($120 a partir del 1 de agosto)<\/span><\/li><li><span style=\"font-family: -apple-system, BlinkMacSystemFont, 'Segoe UI', Roboto, 'Helvetica Neue', Arial, 'Noto Sans', sans-serif, 'Apple Color Emoji', 'Segoe UI Emoji', 'Segoe UI Symbol', 'Noto Color Emoji';\">Pase de d\u00eda completo con comidas: Vie. $80, S\u00e1b. $135, Dom. $70<\/span><\/li><li><span style=\"font-family: -apple-system, BlinkMacSystemFont, 'Segoe UI', Roboto, 'Helvetica Neue', Arial, 'Noto Sans', sans-serif, 'Apple Color Emoji', 'Segoe UI Emoji', 'Segoe UI Symbol', 'Noto Color Emoji';\">Pase de d\u00eda completo sin comidas: Vie. $50, S\u00e1b. $75, Dom. $40)<\/span><\/li><\/ul>\t\t\t\t\t\t\t\t<\/div>\n\t\t\t\t<\/div>\n\t\t\t\t<div class=\"elementor-element elementor-element-9d74004 elementor-align-center elementor-widget elementor-widget-button\" data-id=\"9d74004\" data-element_type=\"widget\" data-e-type=\"widget\" data-widget_type=\"button.default\">\n\t\t\t\t<div class=\"elementor-widget-container\">\n\t\t\t\t\t\t\t\t\t<div class=\"elementor-button-wrapper\">\n\t\t\t\t\t<a class=\"elementor-button elementor-button-link elementor-size-sm\" href=\"https:\/\/mensroundup.com\/es\/register-for-roundup\/\">\n\t\t\t\t\t\t<span class=\"elementor-button-content-wrapper\">\n\t\t\t\t\t\t\t\t\t<span class=\"elementor-button-text\">Reg\u00edstrate para el evento<\/span>\n\t\t\t\t\t<\/span>\n\t\t\t\t\t<\/a>\n\t\t\t\t<\/div>\n\t\t\t\t\t\t\t\t<\/div>\n\t\t\t\t<\/div>\n\t\t\t\t<div class=\"elementor-element elementor-element-62e81be elementor-widget elementor-widget-heading\" data-id=\"62e81be\" data-element_type=\"widget\" data-e-type=\"widget\" data-widget_type=\"heading.default\">\n\t\t\t\t<div class=\"elementor-widget-container\">\n\t\t\t\t\t<h2 class=\"elementor-heading-title elementor-size-default\">Llegada anticipada<\/h2>\t\t\t\t<\/div>\n\t\t\t\t<\/div>\n\t\t\t\t<div class=\"elementor-element elementor-element-83d2be4 elementor-widget elementor-widget-spacer\" data-id=\"83d2be4\" data-element_type=\"widget\" data-e-type=\"widget\" data-widget_type=\"spacer.default\">\n\t\t\t\t<div class=\"elementor-widget-container\">\n\t\t\t\t\t\t\t<div class=\"elementor-spacer\">\n\t\t\t<div class=\"elementor-spacer-inner\"><\/div>\n\t\t<\/div>\n\t\t\t\t\t\t<\/div>\n\t\t\t\t<\/div>\n\t\t\t\t<div class=\"elementor-element elementor-element-3bca134 elementor-widget elementor-widget-text-editor\" data-id=\"3bca134\" data-element_type=\"widget\" data-e-type=\"widget\" data-widget_type=\"text-editor.default\">\n\t\t\t\t<div class=\"elementor-widget-container\">\n\t\t\t\t\t\t\t\t\t<ul><li>A partir del jueves (desde el mediod\u00eda): <strong>$5 por persona<\/strong><\/li><li>La llegada anticipada <strong>no incluye caba\u00f1as ni yurtas.<\/strong><\/li><li>(<b>+$5<\/b> por cada espacio de campamento desocupado que se guarde con equipo)<\/li><li>Se paga directamente al personal de Roundup en Tadmor.<\/li><\/ul>\t\t\t\t\t\t\t\t<\/div>\n\t\t\t\t<\/div>\n\t\t\t\t<div class=\"elementor-element elementor-element-9b118f7 elementor-widget elementor-widget-spacer\" data-id=\"9b118f7\" data-element_type=\"widget\" data-e-type=\"widget\" data-widget_type=\"spacer.default\">\n\t\t\t\t<div class=\"elementor-widget-container\">\n\t\t\t\t\t\t\t<div class=\"elementor-spacer\">\n\t\t\t<div class=\"elementor-spacer-inner\"><\/div>\n\t\t<\/div>\n\t\t\t\t\t\t<\/div>\n\t\t\t\t<\/div>\n\t\t\t\t<div class=\"elementor-element elementor-element-f4105b4 elementor-widget elementor-widget-heading\" data-id=\"f4105b4\" data-element_type=\"widget\" data-e-type=\"widget\" data-widget_type=\"heading.default\">\n\t\t\t\t<div class=\"elementor-widget-container\">\n\t\t\t\t\t<h2 class=\"elementor-heading-title elementor-size-default\">Proyecto de ofrenda de este a\u00f1o <\/h2>\t\t\t\t<\/div>\n\t\t\t\t<\/div>\n\t\t\t\t\t<\/div>\n\t\t<\/div>\n\t\t\t\t\t<\/div>\n\t\t<\/section>\n\t\t\t\t<section class=\"elementor-section elementor-top-section elementor-element elementor-element-23981a7 elementor-section-boxed elementor-section-height-default elementor-section-height-default\" data-id=\"23981a7\" data-element_type=\"section\" data-e-type=\"section\">\n\t\t\t\t\t\t<div class=\"elementor-container elementor-column-gap-default\">\n\t\t\t\t\t<div class=\"elementor-column elementor-col-100 elementor-top-column elementor-element elementor-element-8d10fbe\" data-id=\"8d10fbe\" data-element_type=\"column\" data-e-type=\"column\">\n\t\t\t<div class=\"elementor-widget-wrap elementor-element-populated\">\n\t\t\t\t\t\t<section class=\"elementor-section elementor-inner-section elementor-element elementor-element-fd47f29 elementor-section-boxed elementor-section-height-default elementor-section-height-default\" data-id=\"fd47f29\" data-element_type=\"section\" data-e-type=\"section\">\n\t\t\t\t\t\t<div class=\"elementor-container elementor-column-gap-default\">\n\t\t\t\t\t<div class=\"elementor-column elementor-col-50 elementor-inner-column elementor-element elementor-element-ee6ce43\" data-id=\"ee6ce43\" data-element_type=\"column\" data-e-type=\"column\">\n\t\t\t<div class=\"elementor-widget-wrap elementor-element-populated\">\n\t\t\t\t\t\t<div class=\"elementor-element elementor-element-97fb707 elementor-widget elementor-widget-image\" data-id=\"97fb707\" data-element_type=\"widget\" data-e-type=\"widget\" data-widget_type=\"image.default\">\n\t\t\t\t<div class=\"elementor-widget-container\">\n\t\t\t\t\t\t\t\t\t\t\t\t\t\t\t<img fetchpriority=\"high\" decoding=\"async\" width=\"800\" height=\"450\" src=\"https:\/\/i0.wp.com\/mensroundup.com\/wp-content\/uploads\/2026\/03\/2-scaled.png?fit=800%2C450&amp;ssl=1\" class=\"attachment-large size-large wp-image-2669\" alt=\"\" srcset=\"https:\/\/i0.wp.com\/mensroundup.com\/wp-content\/uploads\/2026\/03\/2-scaled.png?w=2560&amp;ssl=1 2560w, https:\/\/i0.wp.com\/mensroundup.com\/wp-content\/uploads\/2026\/03\/2-scaled.png?resize=300%2C169&amp;ssl=1 300w, https:\/\/i0.wp.com\/mensroundup.com\/wp-content\/uploads\/2026\/03\/2-scaled.png?resize=1024%2C576&amp;ssl=1 1024w, https:\/\/i0.wp.com\/mensroundup.com\/wp-content\/uploads\/2026\/03\/2-scaled.png?resize=768%2C432&amp;ssl=1 768w, https:\/\/i0.wp.com\/mensroundup.com\/wp-content\/uploads\/2026\/03\/2-scaled.png?resize=1536%2C864&amp;ssl=1 1536w, https:\/\/i0.wp.com\/mensroundup.com\/wp-content\/uploads\/2026\/03\/2-scaled.png?resize=2048%2C1152&amp;ssl=1 2048w, https:\/\/i0.wp.com\/mensroundup.com\/wp-content\/uploads\/2026\/03\/2-scaled.png?resize=18%2C10&amp;ssl=1 18w, https:\/\/i0.wp.com\/mensroundup.com\/wp-content\/uploads\/2026\/03\/2-scaled.png?w=1600&amp;ssl=1 1600w, https:\/\/i0.wp.com\/mensroundup.com\/wp-content\/uploads\/2026\/03\/2-scaled.png?w=2400&amp;ssl=1 2400w\" sizes=\"(max-width: 800px) 100vw, 800px\" \/>\t\t\t\t\t\t\t\t\t\t\t\t\t\t\t<\/div>\n\t\t\t\t<\/div>\n\t\t\t\t\t<\/div>\n\t\t<\/div>\n\t\t\t\t<div class=\"elementor-column elementor-col-50 elementor-inner-column elementor-element elementor-element-b08d5d8\" data-id=\"b08d5d8\" data-element_type=\"column\" data-e-type=\"column\">\n\t\t\t<div class=\"elementor-widget-wrap elementor-element-populated\">\n\t\t\t\t\t\t<div class=\"elementor-element elementor-element-c20d125 elementor-widget elementor-widget-image\" data-id=\"c20d125\" data-element_type=\"widget\" data-e-type=\"widget\" data-widget_type=\"image.default\">\n\t\t\t\t<div class=\"elementor-widget-container\">\n\t\t\t\t\t\t\t\t\t\t\t\t\t\t\t<img decoding=\"async\" width=\"800\" height=\"450\" src=\"https:\/\/i0.wp.com\/mensroundup.com\/wp-content\/uploads\/2026\/03\/1-scaled.png?fit=800%2C450&amp;ssl=1\" class=\"attachment-large size-large wp-image-2680\" alt=\"\" srcset=\"https:\/\/i0.wp.com\/mensroundup.com\/wp-content\/uploads\/2026\/03\/1-scaled.png?w=2560&amp;ssl=1 2560w, https:\/\/i0.wp.com\/mensroundup.com\/wp-content\/uploads\/2026\/03\/1-scaled.png?resize=300%2C169&amp;ssl=1 300w, https:\/\/i0.wp.com\/mensroundup.com\/wp-content\/uploads\/2026\/03\/1-scaled.png?resize=1024%2C576&amp;ssl=1 1024w, https:\/\/i0.wp.com\/mensroundup.com\/wp-content\/uploads\/2026\/03\/1-scaled.png?resize=768%2C432&amp;ssl=1 768w, https:\/\/i0.wp.com\/mensroundup.com\/wp-content\/uploads\/2026\/03\/1-scaled.png?resize=1536%2C864&amp;ssl=1 1536w, https:\/\/i0.wp.com\/mensroundup.com\/wp-content\/uploads\/2026\/03\/1-scaled.png?resize=2048%2C1152&amp;ssl=1 2048w, https:\/\/i0.wp.com\/mensroundup.com\/wp-content\/uploads\/2026\/03\/1-scaled.png?resize=18%2C10&amp;ssl=1 18w, https:\/\/i0.wp.com\/mensroundup.com\/wp-content\/uploads\/2026\/03\/1-scaled.png?w=1600&amp;ssl=1 1600w, https:\/\/i0.wp.com\/mensroundup.com\/wp-content\/uploads\/2026\/03\/1-scaled.png?w=2400&amp;ssl=1 2400w\" sizes=\"(max-width: 800px) 100vw, 800px\" \/>\t\t\t\t\t\t\t\t\t\t\t\t\t\t\t<\/div>\n\t\t\t\t<\/div>\n\t\t\t\t\t<\/div>\n\t\t<\/div>\n\t\t\t\t\t<\/div>\n\t\t<\/section>\n\t\t\t\t<div class=\"elementor-element elementor-element-d4b5432 elementor-widget elementor-widget-text-editor\" data-id=\"d4b5432\" data-element_type=\"widget\" data-e-type=\"widget\" data-widget_type=\"text-editor.default\">\n\t\t\t\t<div class=\"elementor-widget-container\">\n\t\t\t\t\t\t\t\t\t<p data-start=\"45\" data-end=\"589\">Este invierno, un \u00e1rbol cay\u00f3 y caus\u00f3 da\u00f1os significativos en Cascade Deck. R\u00e1pidamente determinamos que reparar los edificios no era una opci\u00f3n inteligente. Estas estructuras est\u00e1n entre las m\u00e1s antiguas en Tadmor, ya requer\u00edan hasta <strong>$100,000<\/strong> en mantenimiento y nunca fueron dise\u00f1adas para usarse durante todo el a\u00f1o. Por esta raz\u00f3n, estamos tomando esta dificultad y convirti\u00e9ndola en una oportunidad de mejora. Planeamos utilizar el dinero del seguro, nuestro Fondo de Mejoras de Tadmor y fondos adicionales recaudados para comenzar de nuevo.<\/p><p data-start=\"591\" data-end=\"1298\">El nuevo dise\u00f1o para Cascade Deck servir\u00e1 mejor a nuestros grupos durante todo el a\u00f1o y nos permitir\u00e1 enfocar nuestros esfuerzos de mantenimiento en otras \u00e1reas. Esta parte del campamento ya necesitaba actualizaciones desde hace tiempo. Las nuevas estructuras contar\u00e1n con m\u00e1s instalaciones de ba\u00f1os y lavander\u00eda, as\u00ed como espacios de reuni\u00f3n cubiertos. El nuevo dise\u00f1o tambi\u00e9n incluye 2 habitaciones tipo hotel que ser\u00e1n accesibles seg\u00fan ADA. Estas mejoras abrir\u00e1n m\u00e1s oportunidades de uso durante todo el a\u00f1o y generar\u00e1n ingresos en el futuro. Vemos estas mejoras como parte de la mayordom\u00eda del ministerio de Tadmor, un regalo de Dios para nuestras iglesias, que en gran parte comenz\u00f3 gracias al Roundup.<\/p><p data-start=\"1300\" data-end=\"1671\">Les pedimos a ustedes, como participantes de Roundup, que se unan una vez m\u00e1s para continuar lo que las generaciones anteriores comenzaron aqu\u00ed en Tadmor. Por favor, as\u00f3ciense con nosotros en la creaci\u00f3n de un lugar apartado donde las personas puedan venir, crecer juntas y salir transformadas. Pueden unirse para asegurar que Tadmor contin\u00fae sirviendo por otros 55 a\u00f1os.<\/p><p data-start=\"1673\" data-end=\"1989\">En este momento, todav\u00eda estamos trabajando con dise\u00f1adores e ingenieros, por lo que no tenemos la cifra total necesaria para completar el proyecto, pero estimamos que necesitaremos recaudar entre <strong>$150,000<\/strong> y <strong>$250,000<\/strong> adicionales. Tendremos una mejor idea de la cantidad exacta a medida que nos acerquemos al Roundup.<\/p><p data-start=\"1991\" data-end=\"2247\" data-is-last-node=\"\" data-is-only-node=\"\">Tadmor puede recibir donaciones en l\u00ednea, en efectivo durante el evento o mediante cheque. Tambi\u00e9n se pueden realizar contribuciones a trav\u00e9s de Fondos Asesorados por Donantes (DAF). Para m\u00e1s informaci\u00f3n sobre DAF, comun\u00edquese con <a class=\"decorated-link cursor-pointer\" rel=\"noopener\" data-start=\"2222\" data-end=\"2246\">zach@churchventurenw.com<\/a><\/p>\t\t\t\t\t\t\t\t<\/div>\n\t\t\t\t<\/div>\n\t\t\t\t\t<\/div>\n\t\t<\/div>\n\t\t\t\t\t<\/div>\n\t\t<\/section>\n\t\t\t\t<\/div>","protected":false},"excerpt":{"rendered":"<p>IGLESIAS Y PASTORES Queremos animar a los hombres a asistir junto con otros hombres de sus iglesias, cuando sea posible. El fin de semana de Roundup es una excelente oportunidad para que los pastores se conecten con los hombres de su iglesia y oren juntos. Los pastores pueden asistir gratis a Men\u2019s Roundup si su [&hellip;]<\/p>\n","protected":false},"author":3,"featured_media":0,"parent":0,"menu_order":0,"comment_status":"closed","ping_status":"closed","template":"","meta":{"nf_dc_page":"","footnotes":""},"class_list":["post-2295","page","type-page","status-publish","hentry"],"yoast_head":"<!-- This site is optimized with the Yoast SEO plugin v27.4 - https:\/\/yoast.com\/product\/yoast-seo-wordpress\/ -->\n<title>Precios - Mens Roundup<\/title>\n<meta name=\"robots\" content=\"index, follow, max-snippet:-1, max-image-preview:large, max-video-preview:-1\" \/>\n<link rel=\"canonical\" href=\"https:\/\/mensroundup.com\/es\/precios\/\" \/>\n<meta property=\"og:locale\" content=\"es_MX\" \/>\n<meta property=\"og:type\" content=\"article\" \/>\n<meta property=\"og:title\" content=\"Precios - Mens Roundup\" \/>\n<meta property=\"og:description\" content=\"IGLESIAS Y PASTORES Queremos animar a los hombres a asistir junto con otros hombres de sus iglesias, cuando sea posible. El fin de semana de Roundup es una excelente oportunidad para que los pastores se conecten con los hombres de su iglesia y oren juntos. Los pastores pueden asistir gratis a Men\u2019s Roundup si su [&hellip;]\" \/>\n<meta property=\"og:url\" content=\"https:\/\/mensroundup.com\/es\/precios\/\" \/>\n<meta property=\"og:site_name\" content=\"Mens Roundup\" \/>\n<meta property=\"article:publisher\" content=\"https:\/\/www.facebook.com\/MensRoundup\" \/>\n<meta property=\"article:modified_time\" content=\"2026-03-31T20:45:06+00:00\" \/>\n<meta property=\"og:image\" content=\"https:\/\/mensroundup.com\/wp-content\/uploads\/2026\/03\/2-1024x576.png\" \/>\n<meta name=\"twitter:card\" content=\"summary_large_image\" \/>\n<meta name=\"twitter:label1\" content=\"Tiempo de lectura\" \/>\n\t<meta name=\"twitter:data1\" content=\"3 minutos\" \/>\n<script type=\"application\/ld+json\" class=\"yoast-schema-graph\">{\"@context\":\"https:\\\/\\\/schema.org\",\"@graph\":[{\"@type\":\"WebPage\",\"@id\":\"https:\\\/\\\/mensroundup.com\\\/precios\\\/\",\"url\":\"https:\\\/\\\/mensroundup.com\\\/precios\\\/\",\"name\":\"Precios - Mens Roundup\",\"isPartOf\":{\"@id\":\"https:\\\/\\\/mensroundup.com\\\/#website\"},\"primaryImageOfPage\":{\"@id\":\"https:\\\/\\\/mensroundup.com\\\/precios\\\/#primaryimage\"},\"image\":{\"@id\":\"https:\\\/\\\/mensroundup.com\\\/precios\\\/#primaryimage\"},\"thumbnailUrl\":\"https:\\\/\\\/mensroundup.com\\\/wp-content\\\/uploads\\\/2026\\\/03\\\/2-1024x576.png\",\"datePublished\":\"2025-05-09T18:24:21+00:00\",\"dateModified\":\"2026-03-31T20:45:06+00:00\",\"breadcrumb\":{\"@id\":\"https:\\\/\\\/mensroundup.com\\\/precios\\\/#breadcrumb\"},\"inLanguage\":\"es\",\"potentialAction\":[{\"@type\":\"ReadAction\",\"target\":[\"https:\\\/\\\/mensroundup.com\\\/precios\\\/\"]}]},{\"@type\":\"ImageObject\",\"inLanguage\":\"es\",\"@id\":\"https:\\\/\\\/mensroundup.com\\\/precios\\\/#primaryimage\",\"url\":\"https:\\\/\\\/mensroundup.com\\\/wp-content\\\/uploads\\\/2026\\\/03\\\/2-1024x576.png\",\"contentUrl\":\"https:\\\/\\\/mensroundup.com\\\/wp-content\\\/uploads\\\/2026\\\/03\\\/2-1024x576.png\"},{\"@type\":\"BreadcrumbList\",\"@id\":\"https:\\\/\\\/mensroundup.com\\\/precios\\\/#breadcrumb\",\"itemListElement\":[{\"@type\":\"ListItem\",\"position\":1,\"name\":\"Home\",\"item\":\"https:\\\/\\\/mensroundup.com\\\/\"},{\"@type\":\"ListItem\",\"position\":2,\"name\":\"Precios\"}]},{\"@type\":\"WebSite\",\"@id\":\"https:\\\/\\\/mensroundup.com\\\/#website\",\"url\":\"https:\\\/\\\/mensroundup.com\\\/\",\"name\":\"Mens Roundup\",\"description\":\"Believe Obey Connect and Lead\",\"publisher\":{\"@id\":\"https:\\\/\\\/mensroundup.com\\\/#organization\"},\"potentialAction\":[{\"@type\":\"SearchAction\",\"target\":{\"@type\":\"EntryPoint\",\"urlTemplate\":\"https:\\\/\\\/mensroundup.com\\\/?s={search_term_string}\"},\"query-input\":{\"@type\":\"PropertyValueSpecification\",\"valueRequired\":true,\"valueName\":\"search_term_string\"}}],\"inLanguage\":\"es\"},{\"@type\":\"Organization\",\"@id\":\"https:\\\/\\\/mensroundup.com\\\/#organization\",\"name\":\"Men's Roundup\",\"url\":\"https:\\\/\\\/mensroundup.com\\\/\",\"logo\":{\"@type\":\"ImageObject\",\"inLanguage\":\"es\",\"@id\":\"https:\\\/\\\/mensroundup.com\\\/#\\\/schema\\\/logo\\\/image\\\/\",\"url\":\"https:\\\/\\\/mensroundup.com\\\/wp-content\\\/uploads\\\/2021\\\/03\\\/ru-logo-horizontal.png\",\"contentUrl\":\"https:\\\/\\\/mensroundup.com\\\/wp-content\\\/uploads\\\/2021\\\/03\\\/ru-logo-horizontal.png\",\"width\":1196,\"height\":240,\"caption\":\"Men's Roundup\"},\"image\":{\"@id\":\"https:\\\/\\\/mensroundup.com\\\/#\\\/schema\\\/logo\\\/image\\\/\"},\"sameAs\":[\"https:\\\/\\\/www.facebook.com\\\/MensRoundup\",\"https:\\\/\\\/www.instagram.com\\\/mensroundup\\\/\",\"https:\\\/\\\/www.youtube.com\\\/channel\\\/UCCq59yZOiDhhGor8npGS_zg\\\/videos\"]}]}<\/script>\n<!-- \/ Yoast SEO plugin. -->","yoast_head_json":{"title":"Precios - Mens Roundup","robots":{"index":"index","follow":"follow","max-snippet":"max-snippet:-1","max-image-preview":"max-image-preview:large","max-video-preview":"max-video-preview:-1"},"canonical":"https:\/\/mensroundup.com\/es\/precios\/","og_locale":"es_MX","og_type":"article","og_title":"Precios - Mens Roundup","og_description":"IGLESIAS Y PASTORES Queremos animar a los hombres a asistir junto con otros hombres de sus iglesias, cuando sea posible. El fin de semana de Roundup es una excelente oportunidad para que los pastores se conecten con los hombres de su iglesia y oren juntos. Los pastores pueden asistir gratis a Men\u2019s Roundup si su [&hellip;]","og_url":"https:\/\/mensroundup.com\/es\/precios\/","og_site_name":"Mens Roundup","article_publisher":"https:\/\/www.facebook.com\/MensRoundup","article_modified_time":"2026-03-31T20:45:06+00:00","og_image":[{"url":"https:\/\/mensroundup.com\/wp-content\/uploads\/2026\/03\/2-1024x576.png","type":"","width":"","height":""}],"twitter_card":"summary_large_image","twitter_misc":{"Tiempo de lectura":"3 minutos"},"schema":{"@context":"https:\/\/schema.org","@graph":[{"@type":"WebPage","@id":"https:\/\/mensroundup.com\/precios\/","url":"https:\/\/mensroundup.com\/precios\/","name":"Precios - Mens Roundup","isPartOf":{"@id":"https:\/\/mensroundup.com\/#website"},"primaryImageOfPage":{"@id":"https:\/\/mensroundup.com\/precios\/#primaryimage"},"image":{"@id":"https:\/\/mensroundup.com\/precios\/#primaryimage"},"thumbnailUrl":"https:\/\/mensroundup.com\/wp-content\/uploads\/2026\/03\/2-1024x576.png","datePublished":"2025-05-09T18:24:21+00:00","dateModified":"2026-03-31T20:45:06+00:00","breadcrumb":{"@id":"https:\/\/mensroundup.com\/precios\/#breadcrumb"},"inLanguage":"es","potentialAction":[{"@type":"ReadAction","target":["https:\/\/mensroundup.com\/precios\/"]}]},{"@type":"ImageObject","inLanguage":"es","@id":"https:\/\/mensroundup.com\/precios\/#primaryimage","url":"https:\/\/mensroundup.com\/wp-content\/uploads\/2026\/03\/2-1024x576.png","contentUrl":"https:\/\/mensroundup.com\/wp-content\/uploads\/2026\/03\/2-1024x576.png"},{"@type":"BreadcrumbList","@id":"https:\/\/mensroundup.com\/precios\/#breadcrumb","itemListElement":[{"@type":"ListItem","position":1,"name":"Home","item":"https:\/\/mensroundup.com\/"},{"@type":"ListItem","position":2,"name":"Precios"}]},{"@type":"WebSite","@id":"https:\/\/mensroundup.com\/#website","url":"https:\/\/mensroundup.com\/","name":"Mens Roundup","description":"Believe Obey Connect and Lead","publisher":{"@id":"https:\/\/mensroundup.com\/#organization"},"potentialAction":[{"@type":"SearchAction","target":{"@type":"EntryPoint","urlTemplate":"https:\/\/mensroundup.com\/?s={search_term_string}"},"query-input":{"@type":"PropertyValueSpecification","valueRequired":true,"valueName":"search_term_string"}}],"inLanguage":"es"},{"@type":"Organization","@id":"https:\/\/mensroundup.com\/#organization","name":"Men's Roundup","url":"https:\/\/mensroundup.com\/","logo":{"@type":"ImageObject","inLanguage":"es","@id":"https:\/\/mensroundup.com\/#\/schema\/logo\/image\/","url":"https:\/\/mensroundup.com\/wp-content\/uploads\/2021\/03\/ru-logo-horizontal.png","contentUrl":"https:\/\/mensroundup.com\/wp-content\/uploads\/2021\/03\/ru-logo-horizontal.png","width":1196,"height":240,"caption":"Men's Roundup"},"image":{"@id":"https:\/\/mensroundup.com\/#\/schema\/logo\/image\/"},"sameAs":["https:\/\/www.facebook.com\/MensRoundup","https:\/\/www.instagram.com\/mensroundup\/","https:\/\/www.youtube.com\/channel\/UCCq59yZOiDhhGor8npGS_zg\/videos"]}]}},"jetpack_sharing_enabled":true,"_links":{"self":[{"href":"https:\/\/mensroundup.com\/es\/wp-json\/wp\/v2\/pages\/2295","targetHints":{"allow":["GET"]}}],"collection":[{"href":"https:\/\/mensroundup.com\/es\/wp-json\/wp\/v2\/pages"}],"about":[{"href":"https:\/\/mensroundup.com\/es\/wp-json\/wp\/v2\/types\/page"}],"author":[{"embeddable":true,"href":"https:\/\/mensroundup.com\/es\/wp-json\/wp\/v2\/users\/3"}],"replies":[{"embeddable":true,"href":"https:\/\/mensroundup.com\/es\/wp-json\/wp\/v2\/comments?post=2295"}],"version-history":[{"count":5,"href":"https:\/\/mensroundup.com\/es\/wp-json\/wp\/v2\/pages\/2295\/revisions"}],"predecessor-version":[{"id":2686,"href":"https:\/\/mensroundup.com\/es\/wp-json\/wp\/v2\/pages\/2295\/revisions\/2686"}],"wp:attachment":[{"href":"https:\/\/mensroundup.com\/es\/wp-json\/wp\/v2\/media?parent=2295"}],"curies":[{"name":"wp","href":"https:\/\/api.w.org\/{rel}","templated":true}]}}