{"id":2328,"date":"2025-05-12T18:21:16","date_gmt":"2025-05-12T18:21:16","guid":{"rendered":"https:\/\/mensroundup.com\/?page_id=2328"},"modified":"2025-05-12T18:24:58","modified_gmt":"2025-05-12T18:24:58","slug":"preguntas-frequentes","status":"publish","type":"page","link":"https:\/\/mensroundup.com\/es\/preguntas-frequentes\/","title":{"rendered":"Preguntas Frequentes"},"content":{"rendered":"<div data-elementor-type=\"wp-page\" data-elementor-id=\"2328\" class=\"elementor elementor-2328\" data-elementor-post-type=\"page\">\n\t\t\t\t\t\t<main class=\"elementor-section elementor-top-section elementor-element elementor-element-4334087 elementor-section-boxed elementor-section-height-default elementor-section-height-default\" data-id=\"4334087\" data-element_type=\"section\" data-e-type=\"section\" data-settings=\"{&quot;background_background&quot;:&quot;classic&quot;}\">\n\t\t\t\t\t\t<div class=\"elementor-container elementor-column-gap-default\">\n\t\t\t\t\t<div class=\"elementor-column elementor-col-100 elementor-top-column elementor-element elementor-element-9fdee7c\" data-id=\"9fdee7c\" data-element_type=\"column\" data-e-type=\"column\">\n\t\t\t<div class=\"elementor-widget-wrap elementor-element-populated\">\n\t\t\t\t\t\t<div class=\"elementor-element elementor-element-3a50270 elementor-widget elementor-widget-heading\" data-id=\"3a50270\" data-element_type=\"widget\" data-e-type=\"widget\" data-widget_type=\"heading.default\">\n\t\t\t\t<div class=\"elementor-widget-container\">\n\t\t\t\t\t<h2 class=\"elementor-heading-title elementor-size-default\"><b>Comida en Roundup<\/b><\/h2>\t\t\t\t<\/div>\n\t\t\t\t<\/div>\n\t\t\t\t<div class=\"elementor-element elementor-element-3d6fb1c elementor-widget elementor-widget-text-editor\" data-id=\"3d6fb1c\" data-element_type=\"widget\" data-e-type=\"widget\" data-widget_type=\"text-editor.default\">\n\t\t\t\t<div class=\"elementor-widget-container\">\n\t\t\t\t\t\t\t\t\t<p class=\"\" data-start=\"456\" data-end=\"839\">Todos los participantes registrados con comidas incluidas comer\u00e1n en Tadmor. Las comidas son preparadas por un chef profesional y son uno de los grandes puntos destacados del fin de semana. Las porciones son generosas y la calidad es impresionante. Por supuesto, muchos hombres eligen preparar su propia comida para extender sus tiempos de compa\u00f1erismo, lo cual animamos, pero la comida del campamento es realmente extraordinaria.<\/p>\t\t\t\t\t\t\t\t<\/div>\n\t\t\t\t<\/div>\n\t\t\t\t<div class=\"elementor-element elementor-element-a3be8fa elementor-widget elementor-widget-heading\" data-id=\"a3be8fa\" data-element_type=\"widget\" data-e-type=\"widget\" data-widget_type=\"heading.default\">\n\t\t\t\t<div class=\"elementor-widget-container\">\n\t\t\t\t\t<h2 class=\"elementor-heading-title elementor-size-default\"><b>Clima<\/b><\/h2>\t\t\t\t<\/div>\n\t\t\t\t<\/div>\n\t\t\t\t<div class=\"elementor-element elementor-element-26fdd36 elementor-widget elementor-widget-text-editor\" data-id=\"26fdd36\" data-element_type=\"widget\" data-e-type=\"widget\" data-widget_type=\"text-editor.default\">\n\t\t\t\t<div class=\"elementor-widget-container\">\n\t\t\t\t\t\t\t\t\t<p>El clima en Tadmor durante los primeros d\u00edas de septiembre hist\u00f3ricamente ha sido hermoso, con temperaturas desde los 10\u00b0C por la noche hasta los 35\u00b0C durante el d\u00eda, sin lluvia y con baja humedad. Sin embargo, ha llovido en a\u00f1os anteriores, \u00a1as\u00ed que es mejor estar preparados para todo! Los pron\u00f3sticos a una semana suelen ser confiables, por lo que conviene revisarlos.<\/p>\t\t\t\t\t\t\t\t<\/div>\n\t\t\t\t<\/div>\n\t\t\t\t<div class=\"elementor-element elementor-element-823f61a elementor-widget elementor-widget-heading\" data-id=\"823f61a\" data-element_type=\"widget\" data-e-type=\"widget\" data-widget_type=\"heading.default\">\n\t\t\t\t<div class=\"elementor-widget-container\">\n\t\t\t\t\t<h2 class=\"elementor-heading-title elementor-size-default\"><b>Sesiones<\/b><\/h2>\t\t\t\t<\/div>\n\t\t\t\t<\/div>\n\t\t\t\t<div class=\"elementor-element elementor-element-be09764 elementor-widget elementor-widget-text-editor\" data-id=\"be09764\" data-element_type=\"widget\" data-e-type=\"widget\" data-widget_type=\"text-editor.default\">\n\t\t\t\t<div class=\"elementor-widget-container\">\n\t\t\t\t\t\t\t\t\t<p>Cada sesi\u00f3n dura aproximadamente entre 2 y 2.5 horas. Una sesi\u00f3n t\u00edpica incluye de 20 a 45 minutos de alabanza y entretenimiento dirigidos por nuestro equipo de adoraci\u00f3n de Roundup o m\u00fasicos invitados, 10 minutos de anuncios y asuntos del evento, 45 minutos de exposici\u00f3n b\u00edblica y 45 minutos de discusi\u00f3n en grupos peque\u00f1os. Todas las sesiones se llevan a cabo en nuestro edificio semiabierto llamado Forum, con capacidad para 1,000 hombres. Hay espacio adicional para 400 personas detr\u00e1s del escenario bajo una gran carpa llamada \u201cForum Pad\u201d y m\u00e1s asientos disponibles en una colina con vista al escenario.<\/p>\t\t\t\t\t\t\t\t<\/div>\n\t\t\t\t<\/div>\n\t\t\t\t<div class=\"elementor-element elementor-element-d055407 elementor-widget elementor-widget-heading\" data-id=\"d055407\" data-element_type=\"widget\" data-e-type=\"widget\" data-widget_type=\"heading.default\">\n\t\t\t\t<div class=\"elementor-widget-container\">\n\t\t\t\t\t<h2 class=\"elementor-heading-title elementor-size-default\"><b>Cpap y otras necesidades m\u00e9dicas<\/b><\/h2>\t\t\t\t<\/div>\n\t\t\t\t<\/div>\n\t\t\t\t<div class=\"elementor-element elementor-element-228f2fb elementor-widget elementor-widget-text-editor\" data-id=\"228f2fb\" data-element_type=\"widget\" data-e-type=\"widget\" data-widget_type=\"text-editor.default\">\n\t\t\t\t<div class=\"elementor-widget-container\">\n\t\t\t\t\t\t\t\t\t<ul><li>Los usuarios de CPAP que est\u00e9n en tiendas o casas rodantes pueden llevar un cable de extensi\u00f3n y conectarse en el campo del Forum, debajo de la carpa de registro, cerca del \u00e1rea boscosa junto a la capilla de oraci\u00f3n.<\/li><li>Hay una estaci\u00f3n de enfermer\u00eda cerca del comedor Evergreen, pero el hospital m\u00e1s cercano est\u00e1 a 32 km. Si tienes otras necesidades m\u00e9dicas, puedes contactarnos.<\/li><\/ul>\t\t\t\t\t\t\t\t<\/div>\n\t\t\t\t<\/div>\n\t\t\t\t<div class=\"elementor-element elementor-element-d345d26 elementor-widget elementor-widget-heading\" data-id=\"d345d26\" data-element_type=\"widget\" data-e-type=\"widget\" data-widget_type=\"heading.default\">\n\t\t\t\t<div class=\"elementor-widget-container\">\n\t\t\t\t\t<h2 class=\"elementor-heading-title elementor-size-default\"><b>Accesibilidad para personas con discapacidad<\/b><\/h2>\t\t\t\t<\/div>\n\t\t\t\t<\/div>\n\t\t\t\t<div class=\"elementor-element elementor-element-63a94f5 elementor-widget elementor-widget-text-editor\" data-id=\"63a94f5\" data-element_type=\"widget\" data-e-type=\"widget\" data-widget_type=\"text-editor.default\">\n\t\t\t\t<div class=\"elementor-widget-container\">\n\t\t\t\t\t\t\t\t\t<p>Se han hecho algunas mejoras, como plataformas de concreto desde la caba\u00f1a Jefferson hasta el comedor. Sin embargo, el evento se realiza en una zona monta\u00f1osa y boscosa. Para llegar a las sesiones, actividades y al lago, hay que transitar caminos de grava con inclinaciones.<\/p><p>Si te resulta dif\u00edcil subir a literas, usar ba\u00f1os o duchas tradicionales, o caminar hasta 1.5 km al d\u00eda en caminos empinados, considera hablar con tu iglesia sobre traer un carrito de golf o transporte similar, o recibir asistencia personal. Camp Tadmor y el equipo de Roundup no cuentan con personal para ofrecer estos apoyos.<\/p>\t\t\t\t\t\t\t\t<\/div>\n\t\t\t\t<\/div>\n\t\t\t\t<div class=\"elementor-element elementor-element-100fe49 elementor-widget elementor-widget-heading\" data-id=\"100fe49\" data-element_type=\"widget\" data-e-type=\"widget\" data-widget_type=\"heading.default\">\n\t\t\t\t<div class=\"elementor-widget-container\">\n\t\t\t\t\t<h2 class=\"elementor-heading-title elementor-size-default\"><b>Se permiten animales en roundup?<\/b><\/h2>\t\t\t\t<\/div>\n\t\t\t\t<\/div>\n\t\t\t\t<div class=\"elementor-element elementor-element-fec8162 elementor-widget elementor-widget-text-editor\" data-id=\"fec8162\" data-element_type=\"widget\" data-e-type=\"widget\" data-widget_type=\"text-editor.default\">\n\t\t\t\t<div class=\"elementor-widget-container\">\n\t\t\t\t\t\t\t\t\t<p>No se permiten perros, gatos u otras mascotas en Camp Tadmor ni durante el evento Roundup, incluyendo animales de apoyo emocional.<\/p><p>Los perros de servicio entrenados para asistencia m\u00e9dica s\u00ed est\u00e1n permitidos.<\/p>\t\t\t\t\t\t\t\t<\/div>\n\t\t\t\t<\/div>\n\t\t\t\t<div class=\"elementor-element elementor-element-6b53915 elementor-widget elementor-widget-heading\" data-id=\"6b53915\" data-element_type=\"widget\" data-e-type=\"widget\" data-widget_type=\"heading.default\">\n\t\t\t\t<div class=\"elementor-widget-container\">\n\t\t\t\t\t<h2 class=\"elementor-heading-title elementor-size-default\"><b>Otras cosas que debes saber<\/b><\/h2>\t\t\t\t<\/div>\n\t\t\t\t<\/div>\n\t\t\t\t<div class=\"elementor-element elementor-element-14fe521 elementor-widget elementor-widget-text-editor\" data-id=\"14fe521\" data-element_type=\"widget\" data-e-type=\"widget\" data-widget_type=\"text-editor.default\">\n\t\t\t\t<div class=\"elementor-widget-container\">\n\t\t\t\t\t\t\t\t\t<ul data-start=\"2870\" data-end=\"4938\"><li class=\"\" data-start=\"2870\" data-end=\"3040\"><p class=\"\" data-start=\"2872\" data-end=\"3040\"><strong data-start=\"2872\" data-end=\"2885\">Pulseras:<\/strong> Usa tu pulsera en todo momento. Valida tu registro y, si tienes comidas incluidas, tambi\u00e9n sirve como tu pase para las comidas (ser\u00e1 marcada al entrar).<\/p><\/li><li class=\"\" data-start=\"3041\" data-end=\"3231\"><p class=\"\" data-start=\"3043\" data-end=\"3231\"><strong data-start=\"3043\" data-end=\"3063\">Estacionamiento:<\/strong> Hay un \u00e1rea designada cerca de la carpa de registro. Despu\u00e9s de descargar tu equipo en las caba\u00f1as o campos de campamento, estaciona tu veh\u00edculo en el \u00e1rea asignada.<\/p><\/li><li class=\"\" data-start=\"3232\" data-end=\"3309\"><p class=\"\" data-start=\"3234\" data-end=\"3309\"><strong data-start=\"3234\" data-end=\"3256\">Primeros Auxilios:<\/strong> Ubicados en el \u201cCascade Center\u201d, junto al comedor.<\/p><\/li><li class=\"\" data-start=\"3310\" data-end=\"3433\"><p class=\"\" data-start=\"3312\" data-end=\"3433\"><strong data-start=\"3312\" data-end=\"3336\">Reserva de Asientos:<\/strong> Solo puedes guardar un asiento junto al tuyo. No se permite guardar filas o secciones enteras.<\/p><\/li><li class=\"\" data-start=\"3434\" data-end=\"3602\"><p class=\"\" data-start=\"3436\" data-end=\"3602\"><strong data-start=\"3436\" data-end=\"3461\">Fuegos de campamento:<\/strong><u> Est\u00e1 prohibido encender fogatas <\/u>debido al riesgo de incendio. Se aplicar\u00e1n todas las restricciones adicionales de las autoridades locales.<\/p><\/li><li class=\"\" data-start=\"3603\" data-end=\"3825\"><p class=\"\" data-start=\"3605\" data-end=\"3825\"><strong data-start=\"3605\" data-end=\"3615\">Fumar:<\/strong> Se desaconseja fumar en Tadmor. Solo est\u00e1 permitido frente a la oficina principal (colina arriba desde el Forum) y usando los recept\u00e1culos designados. En otros lugares aplica la misma pol\u00edtica de no fogatas.<\/p><\/li><li class=\"\" data-start=\"3826\" data-end=\"3913\"><p class=\"\" data-start=\"3828\" data-end=\"3913\"><strong data-start=\"3828\" data-end=\"3852\">Bebidas alcoh\u00f3licas:<\/strong> No se permite el consumo de bebidas alcoh\u00f3licas en Tadmor.<\/p><\/li><li class=\"\" data-start=\"3914\" data-end=\"4074\"><p class=\"\" data-start=\"3916\" data-end=\"4074\"><strong data-start=\"3916\" data-end=\"3926\">Ruido:<\/strong> Para respetar el descanso de los dem\u00e1s, no se permite el uso de generadores de RV y se debe guardar silencio entre las 11:00 p.m. y las 6:00 a.m.<\/p><\/li><li class=\"\" data-start=\"4075\" data-end=\"4150\"><p class=\"\" data-start=\"4077\" data-end=\"4150\"><strong data-start=\"4077\" data-end=\"4098\">Objetos Perdidos:<\/strong> Se encuentran en \u201cCedar Creek\u201d, junto al comedor.<\/p><\/li><li class=\"\" data-start=\"4151\" data-end=\"4273\"><p class=\"\" data-start=\"4153\" data-end=\"4273\"><strong data-start=\"4153\" data-end=\"4187\">Audio y Video de las Sesiones:<\/strong> Las grabaciones estar\u00e1n disponibles en nuestro canal de YouTube despu\u00e9s del evento.<\/p><\/li><li class=\"\" data-start=\"4274\" data-end=\"4433\"><p class=\"\" data-start=\"4276\" data-end=\"4433\"><strong data-start=\"4276\" data-end=\"4294\">Campo de Tiro:<\/strong> Cerrado durante las sesiones del Forum. Solo se permiten armas calibre .22 o pistolas hasta .45 cuando hay un oficial de campo presente.<\/p><\/li><li class=\"\" data-start=\"4434\" data-end=\"4587\"><p class=\"\" data-start=\"4436\" data-end=\"4587\"><strong data-start=\"4436\" data-end=\"4450\">Disc Golf:<\/strong> El hoyo 2 est\u00e1 cerrado durante todas las sesiones del Forum. El hoyo 17 estar\u00e1 cerrado todo el fin de semana. Trae tus propios discos.<\/p><\/li><li class=\"\" data-start=\"4588\" data-end=\"4725\"><p class=\"\" data-start=\"4590\" data-end=\"4725\"><strong data-start=\"4590\" data-end=\"4620\">Nataci\u00f3n y Paseos en Bote:<\/strong> Solo se permiten cuando haya un salvavidas certificado por Tadmor presente. Ten precauci\u00f3n en el lago.<\/p><\/li><li class=\"\" data-start=\"4726\" data-end=\"4938\"><p class=\"\" data-start=\"4728\" data-end=\"4938\"><strong data-start=\"4728\" data-end=\"4762\">Recepci\u00f3n de Tel\u00e9fono Celular:<\/strong> Hay se\u00f1al limitada. No hay tel\u00e9fonos del campamento disponibles excepto para llamadas salientes de emergencia. Mensajes entrantes de emergencia pueden dejarse al 541-401-8311.<\/p><\/li><\/ul><p class=\"\" data-start=\"4940\" data-end=\"5043\">\u00a0<\/p>\t\t\t\t\t\t\t\t<\/div>\n\t\t\t\t<\/div>\n\t\t\t\t\t<\/div>\n\t\t<\/div>\n\t\t\t\t\t<\/div>\n\t\t<\/main>\n\t\t\t\t<\/div>","protected":false},"excerpt":{"rendered":"<p>Comida en Roundup Todos los participantes registrados con comidas incluidas comer\u00e1n en Tadmor. Las comidas son preparadas por un chef profesional y son uno de los grandes puntos destacados del fin de semana. Las porciones son generosas y la calidad es impresionante. Por supuesto, muchos hombres eligen preparar su propia comida para extender sus tiempos [&hellip;]<\/p>\n","protected":false},"author":3,"featured_media":0,"parent":0,"menu_order":0,"comment_status":"closed","ping_status":"closed","template":"","meta":{"nf_dc_page":"","footnotes":""},"class_list":["post-2328","page","type-page","status-publish","hentry"],"yoast_head":"<!-- This site is optimized with the Yoast SEO plugin v27.4 - https:\/\/yoast.com\/product\/yoast-seo-wordpress\/ -->\n<title>Preguntas Frequentes - Mens Roundup<\/title>\n<meta name=\"robots\" content=\"index, follow, max-snippet:-1, max-image-preview:large, max-video-preview:-1\" \/>\n<link rel=\"canonical\" href=\"https:\/\/mensroundup.com\/es\/preguntas-frequentes\/\" \/>\n<meta property=\"og:locale\" content=\"es_MX\" \/>\n<meta property=\"og:type\" content=\"article\" \/>\n<meta property=\"og:title\" content=\"Preguntas Frequentes - Mens Roundup\" \/>\n<meta property=\"og:description\" content=\"Comida en Roundup Todos los participantes registrados con comidas incluidas comer\u00e1n en Tadmor. Las comidas son preparadas por un chef profesional y son uno de los grandes puntos destacados del fin de semana. Las porciones son generosas y la calidad es impresionante. Por supuesto, muchos hombres eligen preparar su propia comida para extender sus tiempos [&hellip;]\" \/>\n<meta property=\"og:url\" content=\"https:\/\/mensroundup.com\/es\/preguntas-frequentes\/\" \/>\n<meta property=\"og:site_name\" content=\"Mens Roundup\" \/>\n<meta property=\"article:publisher\" content=\"https:\/\/www.facebook.com\/MensRoundup\" \/>\n<meta property=\"article:modified_time\" content=\"2025-05-12T18:24:58+00:00\" \/>\n<meta name=\"twitter:card\" content=\"summary_large_image\" \/>\n<meta name=\"twitter:label1\" content=\"Tiempo de lectura\" \/>\n\t<meta name=\"twitter:data1\" content=\"4 minutos\" \/>\n<script type=\"application\/ld+json\" class=\"yoast-schema-graph\">{\"@context\":\"https:\\\/\\\/schema.org\",\"@graph\":[{\"@type\":\"WebPage\",\"@id\":\"https:\\\/\\\/mensroundup.com\\\/preguntas-frequentes\\\/\",\"url\":\"https:\\\/\\\/mensroundup.com\\\/preguntas-frequentes\\\/\",\"name\":\"Preguntas Frequentes - Mens Roundup\",\"isPartOf\":{\"@id\":\"https:\\\/\\\/mensroundup.com\\\/#website\"},\"datePublished\":\"2025-05-12T18:21:16+00:00\",\"dateModified\":\"2025-05-12T18:24:58+00:00\",\"breadcrumb\":{\"@id\":\"https:\\\/\\\/mensroundup.com\\\/preguntas-frequentes\\\/#breadcrumb\"},\"inLanguage\":\"es\",\"potentialAction\":[{\"@type\":\"ReadAction\",\"target\":[\"https:\\\/\\\/mensroundup.com\\\/preguntas-frequentes\\\/\"]}]},{\"@type\":\"BreadcrumbList\",\"@id\":\"https:\\\/\\\/mensroundup.com\\\/preguntas-frequentes\\\/#breadcrumb\",\"itemListElement\":[{\"@type\":\"ListItem\",\"position\":1,\"name\":\"Home\",\"item\":\"https:\\\/\\\/mensroundup.com\\\/\"},{\"@type\":\"ListItem\",\"position\":2,\"name\":\"Preguntas Frequentes\"}]},{\"@type\":\"WebSite\",\"@id\":\"https:\\\/\\\/mensroundup.com\\\/#website\",\"url\":\"https:\\\/\\\/mensroundup.com\\\/\",\"name\":\"Mens Roundup\",\"description\":\"Believe Obey Connect and Lead\",\"publisher\":{\"@id\":\"https:\\\/\\\/mensroundup.com\\\/#organization\"},\"potentialAction\":[{\"@type\":\"SearchAction\",\"target\":{\"@type\":\"EntryPoint\",\"urlTemplate\":\"https:\\\/\\\/mensroundup.com\\\/?s={search_term_string}\"},\"query-input\":{\"@type\":\"PropertyValueSpecification\",\"valueRequired\":true,\"valueName\":\"search_term_string\"}}],\"inLanguage\":\"es\"},{\"@type\":\"Organization\",\"@id\":\"https:\\\/\\\/mensroundup.com\\\/#organization\",\"name\":\"Men's Roundup\",\"url\":\"https:\\\/\\\/mensroundup.com\\\/\",\"logo\":{\"@type\":\"ImageObject\",\"inLanguage\":\"es\",\"@id\":\"https:\\\/\\\/mensroundup.com\\\/#\\\/schema\\\/logo\\\/image\\\/\",\"url\":\"https:\\\/\\\/mensroundup.com\\\/wp-content\\\/uploads\\\/2021\\\/03\\\/ru-logo-horizontal.png\",\"contentUrl\":\"https:\\\/\\\/mensroundup.com\\\/wp-content\\\/uploads\\\/2021\\\/03\\\/ru-logo-horizontal.png\",\"width\":1196,\"height\":240,\"caption\":\"Men's Roundup\"},\"image\":{\"@id\":\"https:\\\/\\\/mensroundup.com\\\/#\\\/schema\\\/logo\\\/image\\\/\"},\"sameAs\":[\"https:\\\/\\\/www.facebook.com\\\/MensRoundup\",\"https:\\\/\\\/www.instagram.com\\\/mensroundup\\\/\",\"https:\\\/\\\/www.youtube.com\\\/channel\\\/UCCq59yZOiDhhGor8npGS_zg\\\/videos\"]}]}<\/script>\n<!-- \/ Yoast SEO plugin. -->","yoast_head_json":{"title":"Preguntas Frequentes - Mens Roundup","robots":{"index":"index","follow":"follow","max-snippet":"max-snippet:-1","max-image-preview":"max-image-preview:large","max-video-preview":"max-video-preview:-1"},"canonical":"https:\/\/mensroundup.com\/es\/preguntas-frequentes\/","og_locale":"es_MX","og_type":"article","og_title":"Preguntas Frequentes - Mens Roundup","og_description":"Comida en Roundup Todos los participantes registrados con comidas incluidas comer\u00e1n en Tadmor. Las comidas son preparadas por un chef profesional y son uno de los grandes puntos destacados del fin de semana. Las porciones son generosas y la calidad es impresionante. Por supuesto, muchos hombres eligen preparar su propia comida para extender sus tiempos [&hellip;]","og_url":"https:\/\/mensroundup.com\/es\/preguntas-frequentes\/","og_site_name":"Mens Roundup","article_publisher":"https:\/\/www.facebook.com\/MensRoundup","article_modified_time":"2025-05-12T18:24:58+00:00","twitter_card":"summary_large_image","twitter_misc":{"Tiempo de lectura":"4 minutos"},"schema":{"@context":"https:\/\/schema.org","@graph":[{"@type":"WebPage","@id":"https:\/\/mensroundup.com\/preguntas-frequentes\/","url":"https:\/\/mensroundup.com\/preguntas-frequentes\/","name":"Preguntas Frequentes - Mens Roundup","isPartOf":{"@id":"https:\/\/mensroundup.com\/#website"},"datePublished":"2025-05-12T18:21:16+00:00","dateModified":"2025-05-12T18:24:58+00:00","breadcrumb":{"@id":"https:\/\/mensroundup.com\/preguntas-frequentes\/#breadcrumb"},"inLanguage":"es","potentialAction":[{"@type":"ReadAction","target":["https:\/\/mensroundup.com\/preguntas-frequentes\/"]}]},{"@type":"BreadcrumbList","@id":"https:\/\/mensroundup.com\/preguntas-frequentes\/#breadcrumb","itemListElement":[{"@type":"ListItem","position":1,"name":"Home","item":"https:\/\/mensroundup.com\/"},{"@type":"ListItem","position":2,"name":"Preguntas Frequentes"}]},{"@type":"WebSite","@id":"https:\/\/mensroundup.com\/#website","url":"https:\/\/mensroundup.com\/","name":"Mens Roundup","description":"Believe Obey Connect and Lead","publisher":{"@id":"https:\/\/mensroundup.com\/#organization"},"potentialAction":[{"@type":"SearchAction","target":{"@type":"EntryPoint","urlTemplate":"https:\/\/mensroundup.com\/?s={search_term_string}"},"query-input":{"@type":"PropertyValueSpecification","valueRequired":true,"valueName":"search_term_string"}}],"inLanguage":"es"},{"@type":"Organization","@id":"https:\/\/mensroundup.com\/#organization","name":"Men's Roundup","url":"https:\/\/mensroundup.com\/","logo":{"@type":"ImageObject","inLanguage":"es","@id":"https:\/\/mensroundup.com\/#\/schema\/logo\/image\/","url":"https:\/\/mensroundup.com\/wp-content\/uploads\/2021\/03\/ru-logo-horizontal.png","contentUrl":"https:\/\/mensroundup.com\/wp-content\/uploads\/2021\/03\/ru-logo-horizontal.png","width":1196,"height":240,"caption":"Men's Roundup"},"image":{"@id":"https:\/\/mensroundup.com\/#\/schema\/logo\/image\/"},"sameAs":["https:\/\/www.facebook.com\/MensRoundup","https:\/\/www.instagram.com\/mensroundup\/","https:\/\/www.youtube.com\/channel\/UCCq59yZOiDhhGor8npGS_zg\/videos"]}]}},"jetpack_sharing_enabled":true,"_links":{"self":[{"href":"https:\/\/mensroundup.com\/es\/wp-json\/wp\/v2\/pages\/2328","targetHints":{"allow":["GET"]}}],"collection":[{"href":"https:\/\/mensroundup.com\/es\/wp-json\/wp\/v2\/pages"}],"about":[{"href":"https:\/\/mensroundup.com\/es\/wp-json\/wp\/v2\/types\/page"}],"author":[{"embeddable":true,"href":"https:\/\/mensroundup.com\/es\/wp-json\/wp\/v2\/users\/3"}],"replies":[{"embeddable":true,"href":"https:\/\/mensroundup.com\/es\/wp-json\/wp\/v2\/comments?post=2328"}],"version-history":[{"count":5,"href":"https:\/\/mensroundup.com\/es\/wp-json\/wp\/v2\/pages\/2328\/revisions"}],"predecessor-version":[{"id":2341,"href":"https:\/\/mensroundup.com\/es\/wp-json\/wp\/v2\/pages\/2328\/revisions\/2341"}],"wp:attachment":[{"href":"https:\/\/mensroundup.com\/es\/wp-json\/wp\/v2\/media?parent=2328"}],"curies":[{"name":"wp","href":"https:\/\/api.w.org\/{rel}","templated":true}]}}